{"id":11627,"date":"2025-04-17T13:49:08","date_gmt":"2025-04-17T06:49:08","guid":{"rendered":"https:\/\/lamour.vn\/product\/hoa-gom-018\/"},"modified":"2025-06-03T11:04:57","modified_gmt":"2025-06-03T04:04:57","slug":"ceramic-flower-018","status":"publish","type":"product","link":"https:\/\/lamour.vn\/en\/product\/ceramic-flower-018\/","title":{"rendered":"Ceramic Flower 018"},"content":{"rendered":"<div class=\"xdj266r x11i5rnm xat24cr x1mh8g0r x1vvkbs x126k92a\">\n<div dir=\"auto\">This product is always on the search list of Floral Designers due to its unique design. Designed with a distinctive round shape and moderate depth, it enhances the elegant arrangement of floral works.<\/div>\n<p>&nbsp;<\/p>\n<\/div>\n<div class=\"x11i5rnm xat24cr x1mh8g0r x1vvkbs xtlvy1s x126k92a\"><\/div>\n","protected":false},"excerpt":{"rendered":"<p>This product is always on the search list of Floral Designers due to its unique design. Designed with a distinctive round shape and moderate depth, it enhances the elegant arrangement of floral works. &nbsp;<\/p>\n","protected":false},"featured_media":11628,"comment_status":"closed","ping_status":"closed","template":"","meta":[],"product_cat":[210],"product_tag":[],"yoast_head":"<!-- This site is optimized with the Yoast SEO Premium plugin v15.5 - https:\/\/yoast.com\/wordpress\/plugins\/seo\/ -->\n<title>Ceramic Flower 018 - L&#039;amour Flower<\/title>\n<meta name=\"description\" content=\"Ceramic Flower 018 - L&#039;amour Flower . S\u1ea3n ph\u1ea9m n\u1eb1m trong Hoa V\u00e0 G\u1ed1m ngh\u1ec7 thu\u1eadt. S\u1ea3n ph\u1ea9m n\u00e0y mang \u0111\u1ebfn s\u1ef1 ph\u00e1 c\u00e1ch, phong c\u00e1ch ri\u00eang.\" \/>\n<meta name=\"robots\" content=\"index, follow, max-snippet:-1, max-image-preview:large, max-video-preview:-1\" \/>\n<link rel=\"canonical\" href=\"https:\/\/lamour.vn\/en\/product\/ceramic-flower-018\/\" \/>\n<meta property=\"og:locale\" content=\"en_US\" \/>\n<meta property=\"og:type\" content=\"article\" \/>\n<meta property=\"og:title\" content=\"Ceramic Flower 018 - L&#039;amour Flower\" \/>\n<meta property=\"og:description\" content=\"Ceramic Flower 018 - L&#039;amour Flower . S\u1ea3n ph\u1ea9m n\u1eb1m trong Hoa V\u00e0 G\u1ed1m ngh\u1ec7 thu\u1eadt. S\u1ea3n ph\u1ea9m n\u00e0y mang \u0111\u1ebfn s\u1ef1 ph\u00e1 c\u00e1ch, phong c\u00e1ch ri\u00eang.\" \/>\n<meta property=\"og:url\" content=\"https:\/\/lamour.vn\/en\/product\/ceramic-flower-018\/\" \/>\n<meta property=\"og:site_name\" content=\"L&#039;amour Flower\" \/>\n<meta property=\"article:modified_time\" content=\"2025-06-03T04:04:57+00:00\" \/>\n<meta property=\"og:image\" content=\"https:\/\/lamour.vn\/wp-content\/uploads\/2025\/04\/Dang-web-3-8.jpg\" \/>\n\t<meta property=\"og:image:width\" content=\"1000\" \/>\n\t<meta property=\"og:image:height\" content=\"1250\" \/>\n<meta name=\"twitter:card\" content=\"summary_large_image\" \/>\n<meta name=\"twitter:label1\" content=\"Est. reading time\">\n\t<meta name=\"twitter:data1\" content=\"0 minutes\">\n<script type=\"application\/ld+json\" class=\"yoast-schema-graph\">{\"@context\":\"https:\/\/schema.org\",\"@graph\":[{\"@type\":\"Organization\",\"@id\":\"https:\/\/lamour.vn\/#organization\",\"name\":\"L'amour Flower\",\"url\":\"https:\/\/lamour.vn\/\",\"sameAs\":[],\"logo\":{\"@type\":\"ImageObject\",\"@id\":\"https:\/\/lamour.vn\/#logo\",\"inLanguage\":\"en-US\",\"url\":\"https:\/\/lamour.vn\/wp-content\/uploads\/2020\/12\/logo-tr\\u00f2n-c\\u1eaft-n\\u1ec1n.png\",\"width\":770,\"height\":768,\"caption\":\"L'amour Flower\"},\"image\":{\"@id\":\"https:\/\/lamour.vn\/#logo\"}},{\"@type\":\"WebSite\",\"@id\":\"https:\/\/lamour.vn\/#website\",\"url\":\"https:\/\/lamour.vn\/\",\"name\":\"L&#039;amour Flower\",\"description\":\"Chuy\\u00ean Cung C\\u1ea5p Hoa T\\u01b0\\u01a1i - \\u0110\\u00e0o T\\u1ea1o H\\u1ecdc Vi\\u00ean C\\u1eafm Hoa Cao C\\u1ea5p\",\"publisher\":{\"@id\":\"https:\/\/lamour.vn\/#organization\"},\"potentialAction\":[{\"@type\":\"SearchAction\",\"target\":\"https:\/\/lamour.vn\/?s={search_term_string}\",\"query-input\":\"required name=search_term_string\"}],\"inLanguage\":\"en-US\"},{\"@type\":\"ImageObject\",\"@id\":\"https:\/\/lamour.vn\/en\/product\/ceramic-flower-018\/#primaryimage\",\"inLanguage\":\"en-US\",\"url\":\"https:\/\/lamour.vn\/wp-content\/uploads\/2025\/04\/Dang-web-3-8.jpg\",\"width\":1000,\"height\":1250,\"caption\":\"Hoa G\\u1ed1m 018\"},{\"@type\":\"WebPage\",\"@id\":\"https:\/\/lamour.vn\/en\/product\/ceramic-flower-018\/#webpage\",\"url\":\"https:\/\/lamour.vn\/en\/product\/ceramic-flower-018\/\",\"name\":\"Ceramic Flower 018 - L&#039;amour Flower\",\"isPartOf\":{\"@id\":\"https:\/\/lamour.vn\/#website\"},\"primaryImageOfPage\":{\"@id\":\"https:\/\/lamour.vn\/en\/product\/ceramic-flower-018\/#primaryimage\"},\"datePublished\":\"2025-04-17T06:49:08+00:00\",\"dateModified\":\"2025-06-03T04:04:57+00:00\",\"description\":\"Ceramic Flower 018 - L&#039;amour Flower . S\\u1ea3n ph\\u1ea9m n\\u1eb1m trong Hoa V\\u00e0 G\\u1ed1m ngh\\u1ec7 thu\\u1eadt. S\\u1ea3n ph\\u1ea9m n\\u00e0y mang \\u0111\\u1ebfn s\\u1ef1 ph\\u00e1 c\\u00e1ch, phong c\\u00e1ch ri\\u00eang.\",\"inLanguage\":\"en-US\",\"potentialAction\":[{\"@type\":\"ReadAction\",\"target\":[\"https:\/\/lamour.vn\/en\/product\/ceramic-flower-018\/\"]}]}]}<\/script>\n<!-- \/ Yoast SEO Premium plugin. -->","_links":{"self":[{"href":"https:\/\/lamour.vn\/en\/wp-json\/wp\/v2\/product\/11627\/"}],"collection":[{"href":"https:\/\/lamour.vn\/en\/wp-json\/wp\/v2\/product\/"}],"about":[{"href":"https:\/\/lamour.vn\/en\/wp-json\/wp\/v2\/types\/product\/"}],"replies":[{"embeddable":true,"href":"https:\/\/lamour.vn\/en\/wp-json\/wp\/v2\/comments\/?post=11627"}],"wp:featuredmedia":[{"embeddable":true,"href":"https:\/\/lamour.vn\/en\/wp-json\/wp\/v2\/media\/11628\/"}],"wp:attachment":[{"href":"https:\/\/lamour.vn\/en\/wp-json\/wp\/v2\/media\/?parent=11627"}],"wp:term":[{"taxonomy":"product_cat","embeddable":true,"href":"https:\/\/lamour.vn\/en\/wp-json\/wp\/v2\/product_cat\/?post=11627"},{"taxonomy":"product_tag","embeddable":true,"href":"https:\/\/lamour.vn\/en\/wp-json\/wp\/v2\/product_tag\/?post=11627"}],"curies":[{"name":"wp","href":"https:\/\/api.w.org\/{rel}","templated":true}]}}