{"id":11675,"date":"2025-04-16T16:08:26","date_gmt":"2025-04-16T09:08:26","guid":{"rendered":"https:\/\/lamour.vn\/product\/hoa-gom-003\/"},"modified":"2025-06-03T12:48:49","modified_gmt":"2025-06-03T05:48:49","slug":"ceramic-flower-003","status":"publish","type":"product","link":"https:\/\/lamour.vn\/en\/product\/ceramic-flower-003\/","title":{"rendered":"Ceramic Flower 003"},"content":{"rendered":"<div class=\"xdj266r x11i5rnm xat24cr x1mh8g0r x1vvkbs x126k92a\">\n<div dir=\"auto\">Wedding flower bases at Hoa Gom are not only designed specifically for hand-held bouquets but can also be flexibly used as a decorative flower vase after the wedding day.<\/div>\n<\/div>\n<div class=\"x11i5rnm xat24cr x1mh8g0r x1vvkbs xtlvy1s x126k92a\"><\/div>\n","protected":false},"excerpt":{"rendered":"<p>Wedding flower bases at Hoa Gom are not only designed specifically for hand-held bouquets but can also be flexibly used as a decorative flower vase after the wedding day.<\/p>\n","protected":false},"featured_media":11676,"comment_status":"closed","ping_status":"closed","template":"","meta":[],"product_cat":[210],"product_tag":[],"yoast_head":"<!-- This site is optimized with the Yoast SEO Premium plugin v15.5 - https:\/\/yoast.com\/wordpress\/plugins\/seo\/ -->\n<title>Ceramic Flower 003 - L&#039;amour Flower<\/title>\n<meta name=\"description\" content=\"Ceramic Flower 003 - L&#039;amour Flower . S\u1ea3n ph\u1ea9m n\u1eb1m trong BST Hoa V\u00e0 G\u1ed1m ngh\u1ec7 thu\u1eadt. Hoa h\u1ed3ng cam \u2013 \u0111\u1ecf n\u1ed5i b\u1eadt trong b\u00ecnh g\u1ed1m \u0111\u00f4i ph\u00e1 c\u00e1ch.\" \/>\n<meta name=\"robots\" content=\"index, follow, max-snippet:-1, max-image-preview:large, max-video-preview:-1\" \/>\n<link rel=\"canonical\" href=\"https:\/\/lamour.vn\/en\/product\/ceramic-flower-003\/\" \/>\n<meta property=\"og:locale\" content=\"en_US\" \/>\n<meta property=\"og:type\" content=\"article\" \/>\n<meta property=\"og:title\" content=\"Ceramic Flower 003 - L&#039;amour Flower\" \/>\n<meta property=\"og:description\" content=\"Ceramic Flower 003 - L&#039;amour Flower . S\u1ea3n ph\u1ea9m n\u1eb1m trong BST Hoa V\u00e0 G\u1ed1m ngh\u1ec7 thu\u1eadt. Hoa h\u1ed3ng cam \u2013 \u0111\u1ecf n\u1ed5i b\u1eadt trong b\u00ecnh g\u1ed1m \u0111\u00f4i ph\u00e1 c\u00e1ch.\" \/>\n<meta property=\"og:url\" content=\"https:\/\/lamour.vn\/en\/product\/ceramic-flower-003\/\" \/>\n<meta property=\"og:site_name\" content=\"L&#039;amour Flower\" \/>\n<meta property=\"article:modified_time\" content=\"2025-06-03T05:48:49+00:00\" \/>\n<meta property=\"og:image\" content=\"https:\/\/lamour.vn\/wp-content\/uploads\/2025\/04\/Dang-web-10-scaled.jpg\" \/>\n\t<meta property=\"og:image:width\" content=\"2048\" \/>\n\t<meta property=\"og:image:height\" content=\"2560\" \/>\n<meta name=\"twitter:card\" content=\"summary_large_image\" \/>\n<meta name=\"twitter:label1\" content=\"Est. reading time\">\n\t<meta name=\"twitter:data1\" content=\"0 minutes\">\n<script type=\"application\/ld+json\" class=\"yoast-schema-graph\">{\"@context\":\"https:\/\/schema.org\",\"@graph\":[{\"@type\":\"Organization\",\"@id\":\"https:\/\/lamour.vn\/#organization\",\"name\":\"L'amour Flower\",\"url\":\"https:\/\/lamour.vn\/\",\"sameAs\":[],\"logo\":{\"@type\":\"ImageObject\",\"@id\":\"https:\/\/lamour.vn\/#logo\",\"inLanguage\":\"en-US\",\"url\":\"https:\/\/lamour.vn\/wp-content\/uploads\/2020\/12\/logo-tr\\u00f2n-c\\u1eaft-n\\u1ec1n.png\",\"width\":770,\"height\":768,\"caption\":\"L'amour Flower\"},\"image\":{\"@id\":\"https:\/\/lamour.vn\/#logo\"}},{\"@type\":\"WebSite\",\"@id\":\"https:\/\/lamour.vn\/#website\",\"url\":\"https:\/\/lamour.vn\/\",\"name\":\"L&#039;amour Flower\",\"description\":\"Chuy\\u00ean Cung C\\u1ea5p Hoa T\\u01b0\\u01a1i - \\u0110\\u00e0o T\\u1ea1o H\\u1ecdc Vi\\u00ean C\\u1eafm Hoa Cao C\\u1ea5p\",\"publisher\":{\"@id\":\"https:\/\/lamour.vn\/#organization\"},\"potentialAction\":[{\"@type\":\"SearchAction\",\"target\":\"https:\/\/lamour.vn\/?s={search_term_string}\",\"query-input\":\"required name=search_term_string\"}],\"inLanguage\":\"en-US\"},{\"@type\":\"ImageObject\",\"@id\":\"https:\/\/lamour.vn\/en\/product\/ceramic-flower-003\/#primaryimage\",\"inLanguage\":\"en-US\",\"url\":\"https:\/\/lamour.vn\/wp-content\/uploads\/2025\/04\/Dang-web-10-scaled.jpg\",\"width\":2048,\"height\":2560,\"caption\":\"Hoa G\\u1ed1m 003\"},{\"@type\":\"WebPage\",\"@id\":\"https:\/\/lamour.vn\/en\/product\/ceramic-flower-003\/#webpage\",\"url\":\"https:\/\/lamour.vn\/en\/product\/ceramic-flower-003\/\",\"name\":\"Ceramic Flower 003 - L&#039;amour Flower\",\"isPartOf\":{\"@id\":\"https:\/\/lamour.vn\/#website\"},\"primaryImageOfPage\":{\"@id\":\"https:\/\/lamour.vn\/en\/product\/ceramic-flower-003\/#primaryimage\"},\"datePublished\":\"2025-04-16T09:08:26+00:00\",\"dateModified\":\"2025-06-03T05:48:49+00:00\",\"description\":\"Ceramic Flower 003 - L&#039;amour Flower . S\\u1ea3n ph\\u1ea9m n\\u1eb1m trong BST Hoa V\\u00e0 G\\u1ed1m ngh\\u1ec7 thu\\u1eadt. Hoa h\\u1ed3ng cam \\u2013 \\u0111\\u1ecf n\\u1ed5i b\\u1eadt trong b\\u00ecnh g\\u1ed1m \\u0111\\u00f4i ph\\u00e1 c\\u00e1ch.\",\"inLanguage\":\"en-US\",\"potentialAction\":[{\"@type\":\"ReadAction\",\"target\":[\"https:\/\/lamour.vn\/en\/product\/ceramic-flower-003\/\"]}]}]}<\/script>\n<!-- \/ Yoast SEO Premium plugin. -->","_links":{"self":[{"href":"https:\/\/lamour.vn\/en\/wp-json\/wp\/v2\/product\/11675\/"}],"collection":[{"href":"https:\/\/lamour.vn\/en\/wp-json\/wp\/v2\/product\/"}],"about":[{"href":"https:\/\/lamour.vn\/en\/wp-json\/wp\/v2\/types\/product\/"}],"replies":[{"embeddable":true,"href":"https:\/\/lamour.vn\/en\/wp-json\/wp\/v2\/comments\/?post=11675"}],"wp:featuredmedia":[{"embeddable":true,"href":"https:\/\/lamour.vn\/en\/wp-json\/wp\/v2\/media\/11676\/"}],"wp:attachment":[{"href":"https:\/\/lamour.vn\/en\/wp-json\/wp\/v2\/media\/?parent=11675"}],"wp:term":[{"taxonomy":"product_cat","embeddable":true,"href":"https:\/\/lamour.vn\/en\/wp-json\/wp\/v2\/product_cat\/?post=11675"},{"taxonomy":"product_tag","embeddable":true,"href":"https:\/\/lamour.vn\/en\/wp-json\/wp\/v2\/product_tag\/?post=11675"}],"curies":[{"name":"wp","href":"https:\/\/api.w.org\/{rel}","templated":true}]}}