{"id":12039,"date":"2025-04-17T13:42:48","date_gmt":"2025-04-17T06:42:48","guid":{"rendered":"https:\/\/lamour.vn\/product\/hoa-gom-017\/"},"modified":"2025-06-03T14:19:26","modified_gmt":"2025-06-03T07:19:26","slug":"ceramic-flower-017","status":"publish","type":"product","link":"https:\/\/lamour.vn\/en\/product\/ceramic-flower-017\/","title":{"rendered":"Ceramic Flower 017"},"content":{"rendered":"<p>Immerse yourself in the luxurious and enchanting beauty of this vase. The exquisite combination of rich red hues, warm gold tones, and pure white creates a stunning focal point for any space, showcasing refined taste and aesthetic sensibility.<\/p>\n","protected":false},"excerpt":{"rendered":"<p>Immerse yourself in the luxurious and enchanting beauty of this vase. The exquisite combination of rich red hues, warm gold tones, and pure white creates a stunning focal point for any space, showcasing refined taste and aesthetic sensibility.<\/p>\n","protected":false},"featured_media":12040,"comment_status":"closed","ping_status":"closed","template":"","meta":[],"product_cat":[210],"product_tag":[],"yoast_head":"<!-- This site is optimized with the Yoast SEO Premium plugin v15.5 - https:\/\/yoast.com\/wordpress\/plugins\/seo\/ -->\n<title>Ceramic Flower 017 - L&#039;amour Flower<\/title>\n<meta name=\"description\" content=\"Ceramic Flower 017 - L&#039;amour Flower . S\u1ea3n ph\u1ea9m n\u1eb1m trong Hoa V\u00e0 G\u1ed1m. T\u1eadp trung v\u00e0o s\u1ef1 h\u00e0i h\u00f2a v\u00e0 \u1ea5n t\u01b0\u1ee3ng t\u1ea1o \u1ebb \u0111\u1eb9p \u0111\u1ed9c \u0111\u00e1o, phong c\u00e1ch th\u1eddi th\u01b0\u1ee3ng.\" \/>\n<meta name=\"robots\" content=\"index, follow, max-snippet:-1, max-image-preview:large, max-video-preview:-1\" \/>\n<link rel=\"canonical\" href=\"https:\/\/lamour.vn\/en\/product\/ceramic-flower-017\/\" \/>\n<meta property=\"og:locale\" content=\"en_US\" \/>\n<meta property=\"og:type\" content=\"article\" \/>\n<meta property=\"og:title\" content=\"Ceramic Flower 017 - L&#039;amour Flower\" \/>\n<meta property=\"og:description\" content=\"Ceramic Flower 017 - L&#039;amour Flower . S\u1ea3n ph\u1ea9m n\u1eb1m trong Hoa V\u00e0 G\u1ed1m. T\u1eadp trung v\u00e0o s\u1ef1 h\u00e0i h\u00f2a v\u00e0 \u1ea5n t\u01b0\u1ee3ng t\u1ea1o \u1ebb \u0111\u1eb9p \u0111\u1ed9c \u0111\u00e1o, phong c\u00e1ch th\u1eddi th\u01b0\u1ee3ng.\" \/>\n<meta property=\"og:url\" content=\"https:\/\/lamour.vn\/en\/product\/ceramic-flower-017\/\" \/>\n<meta property=\"og:site_name\" content=\"L&#039;amour Flower\" \/>\n<meta property=\"article:modified_time\" content=\"2025-06-03T07:19:26+00:00\" \/>\n<meta property=\"og:image\" content=\"https:\/\/lamour.vn\/wp-content\/uploads\/2025\/04\/Dang-web-1-12.jpg\" \/>\n\t<meta property=\"og:image:width\" content=\"1000\" \/>\n\t<meta property=\"og:image:height\" content=\"1250\" \/>\n<meta name=\"twitter:card\" content=\"summary_large_image\" \/>\n<meta name=\"twitter:label1\" content=\"Est. reading time\">\n\t<meta name=\"twitter:data1\" content=\"0 minutes\">\n<script type=\"application\/ld+json\" class=\"yoast-schema-graph\">{\"@context\":\"https:\/\/schema.org\",\"@graph\":[{\"@type\":\"Organization\",\"@id\":\"https:\/\/lamour.vn\/#organization\",\"name\":\"L'amour Flower\",\"url\":\"https:\/\/lamour.vn\/\",\"sameAs\":[],\"logo\":{\"@type\":\"ImageObject\",\"@id\":\"https:\/\/lamour.vn\/#logo\",\"inLanguage\":\"en-US\",\"url\":\"https:\/\/lamour.vn\/wp-content\/uploads\/2020\/12\/logo-tr\\u00f2n-c\\u1eaft-n\\u1ec1n.png\",\"width\":770,\"height\":768,\"caption\":\"L'amour Flower\"},\"image\":{\"@id\":\"https:\/\/lamour.vn\/#logo\"}},{\"@type\":\"WebSite\",\"@id\":\"https:\/\/lamour.vn\/#website\",\"url\":\"https:\/\/lamour.vn\/\",\"name\":\"L&#039;amour Flower\",\"description\":\"Chuy\\u00ean Cung C\\u1ea5p Hoa T\\u01b0\\u01a1i - \\u0110\\u00e0o T\\u1ea1o H\\u1ecdc Vi\\u00ean C\\u1eafm Hoa Cao C\\u1ea5p\",\"publisher\":{\"@id\":\"https:\/\/lamour.vn\/#organization\"},\"potentialAction\":[{\"@type\":\"SearchAction\",\"target\":\"https:\/\/lamour.vn\/?s={search_term_string}\",\"query-input\":\"required name=search_term_string\"}],\"inLanguage\":\"en-US\"},{\"@type\":\"ImageObject\",\"@id\":\"https:\/\/lamour.vn\/en\/product\/ceramic-flower-017\/#primaryimage\",\"inLanguage\":\"en-US\",\"url\":\"https:\/\/lamour.vn\/wp-content\/uploads\/2025\/04\/Dang-web-1-12.jpg\",\"width\":1000,\"height\":1250,\"caption\":\"Hoa G\\u1ed1m 017\"},{\"@type\":\"WebPage\",\"@id\":\"https:\/\/lamour.vn\/en\/product\/ceramic-flower-017\/#webpage\",\"url\":\"https:\/\/lamour.vn\/en\/product\/ceramic-flower-017\/\",\"name\":\"Ceramic Flower 017 - L&#039;amour Flower\",\"isPartOf\":{\"@id\":\"https:\/\/lamour.vn\/#website\"},\"primaryImageOfPage\":{\"@id\":\"https:\/\/lamour.vn\/en\/product\/ceramic-flower-017\/#primaryimage\"},\"datePublished\":\"2025-04-17T06:42:48+00:00\",\"dateModified\":\"2025-06-03T07:19:26+00:00\",\"description\":\"Ceramic Flower 017 - L&#039;amour Flower . S\\u1ea3n ph\\u1ea9m n\\u1eb1m trong Hoa V\\u00e0 G\\u1ed1m. T\\u1eadp trung v\\u00e0o s\\u1ef1 h\\u00e0i h\\u00f2a v\\u00e0 \\u1ea5n t\\u01b0\\u1ee3ng t\\u1ea1o \\u1ebb \\u0111\\u1eb9p \\u0111\\u1ed9c \\u0111\\u00e1o, phong c\\u00e1ch th\\u1eddi th\\u01b0\\u1ee3ng.\",\"inLanguage\":\"en-US\",\"potentialAction\":[{\"@type\":\"ReadAction\",\"target\":[\"https:\/\/lamour.vn\/en\/product\/ceramic-flower-017\/\"]}]}]}<\/script>\n<!-- \/ Yoast SEO Premium plugin. -->","_links":{"self":[{"href":"https:\/\/lamour.vn\/en\/wp-json\/wp\/v2\/product\/12039\/"}],"collection":[{"href":"https:\/\/lamour.vn\/en\/wp-json\/wp\/v2\/product\/"}],"about":[{"href":"https:\/\/lamour.vn\/en\/wp-json\/wp\/v2\/types\/product\/"}],"replies":[{"embeddable":true,"href":"https:\/\/lamour.vn\/en\/wp-json\/wp\/v2\/comments\/?post=12039"}],"wp:featuredmedia":[{"embeddable":true,"href":"https:\/\/lamour.vn\/en\/wp-json\/wp\/v2\/media\/12040\/"}],"wp:attachment":[{"href":"https:\/\/lamour.vn\/en\/wp-json\/wp\/v2\/media\/?parent=12039"}],"wp:term":[{"taxonomy":"product_cat","embeddable":true,"href":"https:\/\/lamour.vn\/en\/wp-json\/wp\/v2\/product_cat\/?post=12039"},{"taxonomy":"product_tag","embeddable":true,"href":"https:\/\/lamour.vn\/en\/wp-json\/wp\/v2\/product_tag\/?post=12039"}],"curies":[{"name":"wp","href":"https:\/\/api.w.org\/{rel}","templated":true}]}}