{"id":12335,"date":"2021-04-13T15:10:24","date_gmt":"2021-04-13T08:10:24","guid":{"rendered":"https:\/\/lamour.vn\/product\/bo-hoa-043\/"},"modified":"2025-06-03T16:25:13","modified_gmt":"2025-06-03T09:25:13","slug":"bouquet-043","status":"publish","type":"product","link":"https:\/\/lamour.vn\/en\/product\/bouquet-043\/","title":{"rendered":"Bouquet 043"},"content":{"rendered":"<p>A little green of leaves, a little brilliant color of the imperial herb mixed with a little dew of the earth and sky in the moment of transition has created a masterpiece with vibrant summer colors.<\/p>\n<p>Ingredients: Imperial herb, roses, gypsophila, ranunculus, snowdrops, small silver leaves and some other types of flowers and leaves.<\/p>\n<p>(*) L&#8217;amour&#8217;s flower products often use seasonal flowers available at the store to ensure aesthetics and durability. The actual product will be about 89-90% similar to the sample image.<\/p>\n","protected":false},"excerpt":{"rendered":"<p>M\u1ed9t ch\u00fat xanh c\u1ee7a l\u00e1, m\u1ed9t ch\u00fat r\u1ef1c r\u1ee1 s\u1eafc m\u00e0u c\u1ee7a th\u1ea3o \u0111\u01b0\u1eddng ho\u00e0ng \u0111\u1ebf quy\u1ec7n c\u00f9ng m\u1ed9t ch\u00fat tinh s\u01b0\u01a1ng c\u1ee7a \u0111\u1ea5t tr\u1eddi trong th\u1eddi kh\u1eafc chuy\u1ec3n giao \u0111\u00e3 t\u1ea1o n\u00ean tuy\u1ec7t t\u00e1c mang gam m\u00e0u m\u00f9a h\u00e8 \u0111\u1ea7y s\u1ee9c s\u1ed1ng.<\/p>\n<p>Nguy\u00ean li\u1ec7u: Th\u1ea3o \u0111\u01b0\u1eddng ho\u00e0ng \u0111\u1ebf, hoa h\u1ed3ng, c\u00e1t t\u01b0\u1eddng, mao l\u01b0\u01a1ng, hoa tuy\u1ebft, l\u00e1 b\u1ea1c nh\u00ed v\u00e0 m\u1ed9t s\u1ed1 lo\u1ea1i hoa l\u00e1 ph\u1ee5 kh\u00e1c.<\/p>\n<p>(*) C\u00e1c s\u1ea3n ph\u1ea9m hoa c\u1ee7a L&#8217;amour th\u01b0\u1eddng s\u1eed d\u1ee5ng c\u00e1c lo\u1ea1i hoa theo m\u00f9a c\u00f3 s\u1eb5n t\u1ea1i c\u1eeda h\u00e0ng \u0111\u1ec3 \u0111\u1ea3m b\u1ea3o t\u00ednh th\u1ea9m m\u1ef9 v\u00e0 \u0111\u1ed9 b\u1ec1n. S\u1ea3n ph\u1ea9m th\u1ef1c t\u1ebf\u00a0 s\u1ebd t\u01b0\u01a1ng t\u1ef1 kho\u1ea3ng 89-90% so v\u1edbi h\u00ecnh \u1ea3nh m\u1eabu.<\/p>\n","protected":false},"featured_media":12336,"comment_status":"open","ping_status":"closed","template":"","meta":[],"product_cat":[212],"product_tag":[245],"yoast_head":"<!-- This site is optimized with the Yoast SEO Premium plugin v15.5 - https:\/\/yoast.com\/wordpress\/plugins\/seo\/ -->\n<title>Bouquet 043 - L&#039;amour Flower<\/title>\n<meta name=\"description\" content=\"Bouquet 043 - L&#039;amour Flower Chuy\u00ean Cung C\u1ea5p Hoa T\u01b0\u01a1i - \u0110\u00e0o T\u1ea1o H\u1ecdc Vi\u00ean C\u1eafm Hoa Cao C\u1ea5p\" \/>\n<meta name=\"robots\" content=\"index, follow, max-snippet:-1, max-image-preview:large, max-video-preview:-1\" \/>\n<link rel=\"canonical\" href=\"https:\/\/lamour.vn\/en\/product\/bouquet-043\/\" \/>\n<meta property=\"og:locale\" content=\"en_US\" \/>\n<meta property=\"og:type\" content=\"article\" \/>\n<meta property=\"og:title\" content=\"Bouquet 043 - L&#039;amour Flower\" \/>\n<meta property=\"og:description\" content=\"Bouquet 043 - L&#039;amour Flower Chuy\u00ean Cung C\u1ea5p Hoa T\u01b0\u01a1i - \u0110\u00e0o T\u1ea1o H\u1ecdc Vi\u00ean C\u1eafm Hoa Cao C\u1ea5p\" \/>\n<meta property=\"og:url\" content=\"https:\/\/lamour.vn\/en\/product\/bouquet-043\/\" \/>\n<meta property=\"og:site_name\" content=\"L&#039;amour Flower\" \/>\n<meta property=\"article:modified_time\" content=\"2025-06-03T09:25:13+00:00\" \/>\n<meta property=\"og:image\" content=\"https:\/\/lamour.vn\/wp-content\/uploads\/2021\/04\/1-02-scaled.jpg\" \/>\n\t<meta property=\"og:image:width\" content=\"2047\" \/>\n\t<meta property=\"og:image:height\" content=\"2560\" \/>\n<meta name=\"twitter:card\" content=\"summary_large_image\" \/>\n<meta name=\"twitter:label1\" content=\"Est. reading time\">\n\t<meta name=\"twitter:data1\" content=\"0 minutes\">\n<script type=\"application\/ld+json\" class=\"yoast-schema-graph\">{\"@context\":\"https:\/\/schema.org\",\"@graph\":[{\"@type\":\"Organization\",\"@id\":\"https:\/\/lamour.vn\/#organization\",\"name\":\"L'amour Flower\",\"url\":\"https:\/\/lamour.vn\/\",\"sameAs\":[],\"logo\":{\"@type\":\"ImageObject\",\"@id\":\"https:\/\/lamour.vn\/#logo\",\"inLanguage\":\"en-US\",\"url\":\"https:\/\/lamour.vn\/wp-content\/uploads\/2020\/12\/logo-tr\\u00f2n-c\\u1eaft-n\\u1ec1n.png\",\"width\":770,\"height\":768,\"caption\":\"L'amour Flower\"},\"image\":{\"@id\":\"https:\/\/lamour.vn\/#logo\"}},{\"@type\":\"WebSite\",\"@id\":\"https:\/\/lamour.vn\/#website\",\"url\":\"https:\/\/lamour.vn\/\",\"name\":\"L&#039;amour Flower\",\"description\":\"Chuy\\u00ean Cung C\\u1ea5p Hoa T\\u01b0\\u01a1i - \\u0110\\u00e0o T\\u1ea1o H\\u1ecdc Vi\\u00ean C\\u1eafm Hoa Cao C\\u1ea5p\",\"publisher\":{\"@id\":\"https:\/\/lamour.vn\/#organization\"},\"potentialAction\":[{\"@type\":\"SearchAction\",\"target\":\"https:\/\/lamour.vn\/?s={search_term_string}\",\"query-input\":\"required name=search_term_string\"}],\"inLanguage\":\"en-US\"},{\"@type\":\"ImageObject\",\"@id\":\"https:\/\/lamour.vn\/en\/product\/bouquet-043\/#primaryimage\",\"inLanguage\":\"en-US\",\"url\":\"https:\/\/lamour.vn\/wp-content\/uploads\/2021\/04\/1-02-scaled.jpg\",\"width\":2047,\"height\":2560},{\"@type\":\"WebPage\",\"@id\":\"https:\/\/lamour.vn\/en\/product\/bouquet-043\/#webpage\",\"url\":\"https:\/\/lamour.vn\/en\/product\/bouquet-043\/\",\"name\":\"Bouquet 043 - L&#039;amour Flower\",\"isPartOf\":{\"@id\":\"https:\/\/lamour.vn\/#website\"},\"primaryImageOfPage\":{\"@id\":\"https:\/\/lamour.vn\/en\/product\/bouquet-043\/#primaryimage\"},\"datePublished\":\"2021-04-13T08:10:24+00:00\",\"dateModified\":\"2025-06-03T09:25:13+00:00\",\"description\":\"Bouquet 043 - L&#039;amour Flower Chuy\\u00ean Cung C\\u1ea5p Hoa T\\u01b0\\u01a1i - \\u0110\\u00e0o T\\u1ea1o H\\u1ecdc Vi\\u00ean C\\u1eafm Hoa Cao C\\u1ea5p\",\"inLanguage\":\"en-US\",\"potentialAction\":[{\"@type\":\"ReadAction\",\"target\":[\"https:\/\/lamour.vn\/en\/product\/bouquet-043\/\"]}]}]}<\/script>\n<!-- \/ Yoast SEO Premium plugin. -->","_links":{"self":[{"href":"https:\/\/lamour.vn\/en\/wp-json\/wp\/v2\/product\/12335\/"}],"collection":[{"href":"https:\/\/lamour.vn\/en\/wp-json\/wp\/v2\/product\/"}],"about":[{"href":"https:\/\/lamour.vn\/en\/wp-json\/wp\/v2\/types\/product\/"}],"replies":[{"embeddable":true,"href":"https:\/\/lamour.vn\/en\/wp-json\/wp\/v2\/comments\/?post=12335"}],"wp:featuredmedia":[{"embeddable":true,"href":"https:\/\/lamour.vn\/en\/wp-json\/wp\/v2\/media\/12336\/"}],"wp:attachment":[{"href":"https:\/\/lamour.vn\/en\/wp-json\/wp\/v2\/media\/?parent=12335"}],"wp:term":[{"taxonomy":"product_cat","embeddable":true,"href":"https:\/\/lamour.vn\/en\/wp-json\/wp\/v2\/product_cat\/?post=12335"},{"taxonomy":"product_tag","embeddable":true,"href":"https:\/\/lamour.vn\/en\/wp-json\/wp\/v2\/product_tag\/?post=12335"}],"curies":[{"name":"wp","href":"https:\/\/api.w.org\/{rel}","templated":true}]}}