{"id":12803,"date":"2025-02-19T10:50:16","date_gmt":"2025-02-19T03:50:16","guid":{"rendered":"https:\/\/lamour.vn\/product\/bo-hoa-196\/"},"modified":"2025-06-04T09:48:12","modified_gmt":"2025-06-04T02:48:12","slug":"bouquet-196","status":"publish","type":"product","link":"https:\/\/lamour.vn\/en\/product\/bouquet-196\/","title":{"rendered":"Bouquet 196"},"content":{"rendered":"<p>A round traditional bouquet of red flowers, suitable for occasions like anniversaries and proposals. Or for holidays such as Valentine&#8217;s Day, International Women&#8217;s Day, etc.<\/p>\n","protected":false},"excerpt":{"rendered":"<p>B\u00f3 hoa \u0111\u1ecf d\u00e1ng tr\u00f2n truy\u1ec1n th\u1ed1ng, th\u00edch h\u1ee3p cho nh\u1eefng d\u1ecbp k\u1ef7 ni\u1ec7m, c\u1ea7u h\u00f4n. Ho\u1eb7c nh\u1eefng ng\u00e0y l\u1ec5 nh\u01b0 Valentines, Qu\u1ed1c T\u1ebf Ph\u1ee5 N\u1eef,&#8230;.<\/p>\n","protected":false},"featured_media":12804,"comment_status":"closed","ping_status":"closed","template":"","meta":[],"product_cat":[212],"product_tag":[],"yoast_head":"<!-- This site is optimized with the Yoast SEO Premium plugin v15.5 - https:\/\/yoast.com\/wordpress\/plugins\/seo\/ -->\n<title>Bouquet 196 - L&#039;amour Flower<\/title>\n<meta name=\"description\" content=\"Bouquet 196 - L&#039;amour Flower Chuy\u00ean Cung C\u1ea5p Hoa T\u01b0\u01a1i - Thi\u1ebft K\u1ebf Hoa \u0110\u1ed9c Quy\u1ec1n - B\u00f3 Hoa D\u00e1ng Tr\u00f2n Truy\u1ec1n Th\u1ed1ng K\u1ef7 Ni\u1ec7m C\u1ea7u H\u00f4n....\" \/>\n<meta name=\"robots\" content=\"index, follow, max-snippet:-1, max-image-preview:large, max-video-preview:-1\" \/>\n<link rel=\"canonical\" href=\"https:\/\/lamour.vn\/en\/product\/bouquet-196\/\" \/>\n<meta property=\"og:locale\" content=\"en_US\" \/>\n<meta property=\"og:type\" content=\"article\" \/>\n<meta property=\"og:title\" content=\"Bouquet 196 - L&#039;amour Flower\" \/>\n<meta property=\"og:description\" content=\"Bouquet 196 - L&#039;amour Flower Chuy\u00ean Cung C\u1ea5p Hoa T\u01b0\u01a1i - Thi\u1ebft K\u1ebf Hoa \u0110\u1ed9c Quy\u1ec1n - B\u00f3 Hoa D\u00e1ng Tr\u00f2n Truy\u1ec1n Th\u1ed1ng K\u1ef7 Ni\u1ec7m C\u1ea7u H\u00f4n....\" \/>\n<meta property=\"og:url\" content=\"https:\/\/lamour.vn\/en\/product\/bouquet-196\/\" \/>\n<meta property=\"og:site_name\" content=\"L&#039;amour Flower\" \/>\n<meta property=\"article:modified_time\" content=\"2025-06-04T02:48:12+00:00\" \/>\n<meta property=\"og:image\" content=\"https:\/\/lamour.vn\/wp-content\/uploads\/2025\/02\/20.jpg\" \/>\n\t<meta property=\"og:image:width\" content=\"1000\" \/>\n\t<meta property=\"og:image:height\" content=\"1250\" \/>\n<meta name=\"twitter:card\" content=\"summary_large_image\" \/>\n<meta name=\"twitter:label1\" content=\"Est. reading time\">\n\t<meta name=\"twitter:data1\" content=\"0 minutes\">\n<script type=\"application\/ld+json\" class=\"yoast-schema-graph\">{\"@context\":\"https:\/\/schema.org\",\"@graph\":[{\"@type\":\"Organization\",\"@id\":\"https:\/\/lamour.vn\/#organization\",\"name\":\"L'amour Flower\",\"url\":\"https:\/\/lamour.vn\/\",\"sameAs\":[],\"logo\":{\"@type\":\"ImageObject\",\"@id\":\"https:\/\/lamour.vn\/#logo\",\"inLanguage\":\"en-US\",\"url\":\"https:\/\/lamour.vn\/wp-content\/uploads\/2020\/12\/logo-tr\\u00f2n-c\\u1eaft-n\\u1ec1n.png\",\"width\":770,\"height\":768,\"caption\":\"L'amour Flower\"},\"image\":{\"@id\":\"https:\/\/lamour.vn\/#logo\"}},{\"@type\":\"WebSite\",\"@id\":\"https:\/\/lamour.vn\/#website\",\"url\":\"https:\/\/lamour.vn\/\",\"name\":\"L&#039;amour Flower\",\"description\":\"Chuy\\u00ean Cung C\\u1ea5p Hoa T\\u01b0\\u01a1i - \\u0110\\u00e0o T\\u1ea1o H\\u1ecdc Vi\\u00ean C\\u1eafm Hoa Cao C\\u1ea5p\",\"publisher\":{\"@id\":\"https:\/\/lamour.vn\/#organization\"},\"potentialAction\":[{\"@type\":\"SearchAction\",\"target\":\"https:\/\/lamour.vn\/?s={search_term_string}\",\"query-input\":\"required name=search_term_string\"}],\"inLanguage\":\"en-US\"},{\"@type\":\"ImageObject\",\"@id\":\"https:\/\/lamour.vn\/en\/product\/bouquet-196\/#primaryimage\",\"inLanguage\":\"en-US\",\"url\":\"https:\/\/lamour.vn\/wp-content\/uploads\/2025\/02\/20.jpg\",\"width\":1000,\"height\":1250},{\"@type\":\"WebPage\",\"@id\":\"https:\/\/lamour.vn\/en\/product\/bouquet-196\/#webpage\",\"url\":\"https:\/\/lamour.vn\/en\/product\/bouquet-196\/\",\"name\":\"Bouquet 196 - L&#039;amour Flower\",\"isPartOf\":{\"@id\":\"https:\/\/lamour.vn\/#website\"},\"primaryImageOfPage\":{\"@id\":\"https:\/\/lamour.vn\/en\/product\/bouquet-196\/#primaryimage\"},\"datePublished\":\"2025-02-19T03:50:16+00:00\",\"dateModified\":\"2025-06-04T02:48:12+00:00\",\"description\":\"Bouquet 196 - L&#039;amour Flower Chuy\\u00ean Cung C\\u1ea5p Hoa T\\u01b0\\u01a1i - Thi\\u1ebft K\\u1ebf Hoa \\u0110\\u1ed9c Quy\\u1ec1n - B\\u00f3 Hoa D\\u00e1ng Tr\\u00f2n Truy\\u1ec1n Th\\u1ed1ng K\\u1ef7 Ni\\u1ec7m C\\u1ea7u H\\u00f4n....\",\"inLanguage\":\"en-US\",\"potentialAction\":[{\"@type\":\"ReadAction\",\"target\":[\"https:\/\/lamour.vn\/en\/product\/bouquet-196\/\"]}]}]}<\/script>\n<!-- \/ Yoast SEO Premium plugin. -->","_links":{"self":[{"href":"https:\/\/lamour.vn\/en\/wp-json\/wp\/v2\/product\/12803\/"}],"collection":[{"href":"https:\/\/lamour.vn\/en\/wp-json\/wp\/v2\/product\/"}],"about":[{"href":"https:\/\/lamour.vn\/en\/wp-json\/wp\/v2\/types\/product\/"}],"replies":[{"embeddable":true,"href":"https:\/\/lamour.vn\/en\/wp-json\/wp\/v2\/comments\/?post=12803"}],"wp:featuredmedia":[{"embeddable":true,"href":"https:\/\/lamour.vn\/en\/wp-json\/wp\/v2\/media\/12804\/"}],"wp:attachment":[{"href":"https:\/\/lamour.vn\/en\/wp-json\/wp\/v2\/media\/?parent=12803"}],"wp:term":[{"taxonomy":"product_cat","embeddable":true,"href":"https:\/\/lamour.vn\/en\/wp-json\/wp\/v2\/product_cat\/?post=12803"},{"taxonomy":"product_tag","embeddable":true,"href":"https:\/\/lamour.vn\/en\/wp-json\/wp\/v2\/product_tag\/?post=12803"}],"curies":[{"name":"wp","href":"https:\/\/api.w.org\/{rel}","templated":true}]}}