{"id":12931,"date":"2024-07-30T17:03:05","date_gmt":"2024-07-30T10:03:05","guid":{"rendered":"https:\/\/lamour.vn\/product\/binh-hoa-028\/"},"modified":"2025-06-04T10:17:01","modified_gmt":"2025-06-04T03:17:01","slug":"flower-vase-028","status":"publish","type":"product","link":"https:\/\/lamour.vn\/en\/product\/flower-vase-028\/","title":{"rendered":"Flower vase 028"},"content":{"rendered":"<div class=\"xdj266r x11i5rnm xat24cr x1mh8g0r x1vvkbs x126k92a\">\n<div dir=\"auto\">\n<div class=\"xdj266r x11i5rnm xat24cr x1mh8g0r x1vvkbs x126k92a\">\n<div dir=\"auto\">V\u1eabn l\u00e0 nh\u1eefng lo\u1ea1i hoa quen thu\u1ed9c nh\u01b0ng v\u1edbi c\u1ea3m h\u1ee9ng \u00c2u M\u1ef9 <span class=\"html-span xdj266r x11i5rnm xat24cr x1mh8g0r xexx8yu x4uap5 x18d9i69 xkhd6sd x1hl2dhg x16tdsg8 x1vvkbs\"><a class=\"x1i10hfl xjbqb8w x1ejq31n xd10rxx x1sy0etr x17r0tee x972fbf xcfux6l x1qhh985 xm0m39n x9f619 x1ypdohk xt0psk2 xe8uvvx xdj266r x11i5rnm xat24cr x1mh8g0r xexx8yu x4uap5 x18d9i69 xkhd6sd x16tdsg8 x1hl2dhg xggy1nq x1a2a7pz x1sur9pj xkrqix3 x1fey0fg xo1l8bm\" tabindex=\"0\" role=\"link\" href=\"https:\/\/www.facebook.com\/hashtag\/americadesign?__eep__=6&amp;__cft__[0]=AZV7pXpTLklDtTvb7RuSn8udRw3plpdhHx9C5RjKLyo6ZVGhoVtQtU6HiEZDECbLuiaaSiXzyGnHP-j_uEfrz1cnAQoUqHuo-Ld7Jx06ZD6QbVpt_F4Zj20k4GNHwfXFJU-NGAbeR-u_3-tRofTiaaa5XLquUQTK6tvtOx9d7BMW53wnvJiftkjm8KsoyF-fTuLttKG6NF63Haz89djjW4Xv&amp;__tn__=*NK-R\">#AmericaDesign<\/a><\/span> \u0111\u1eadm n\u00e9t, L&#8217;amour thi\u1ebft k\u1ebf m\u1ed9t b\u00ecnh hoa c\u00f3 \u0111\u01b0\u1eddng n\u00e9t m\u1ea1nh m\u1ebd \u0111\u1ea7y h\u00fat m\u1eaft.<\/div>\n<\/div>\n<div class=\"x11i5rnm xat24cr x1mh8g0r x1vvkbs xtlvy1s x126k92a\">\n<div dir=\"auto\">The design focuses on the layered flower clusters, then suddenly pushes the eye away with the S-shaped curved branches and leaves. Unlike many floral designs that can only be viewed from one side, this floral design allows you to admire the delicate lines in their entirety, so that when blended into the interior space, we can enjoy the beauty of the vase from every angle.<br \/>\n(*) L&#8217;amour&#8217;s floral products often use seasonal flowers available at the store to ensure aesthetics and durability. The actual product will be about 80-90% similar to the sample image.<\/div>\n<\/div>\n<\/div>\n<\/div>\n","protected":false},"excerpt":{"rendered":"<p>V\u1eabn l\u00e0 nh\u1eefng lo\u1ea1i hoa quen thu\u1ed9c nh\u01b0ng v\u1edbi c\u1ea3m h\u1ee9ng \u00c2u M\u1ef9 #AmericaDesign \u0111\u1eadm n\u00e9t, L&#8217;amour thi\u1ebft k\u1ebf m\u1ed9t b\u00ecnh hoa c\u00f3 \u0111\u01b0\u1eddng n\u00e9t m\u1ea1nh m\u1ebd \u0111\u1ea7y h\u00fat m\u1eaft. The design focuses on the layered flower clusters, then suddenly pushes the eye away with the S-shaped curved branches and leaves. Unlike many floral designs [&hellip;]<\/p>\n","protected":false},"featured_media":12220,"comment_status":"closed","ping_status":"closed","template":"","meta":[],"product_cat":[211],"product_tag":[],"yoast_head":"<!-- This site is optimized with the Yoast SEO Premium plugin v15.5 - https:\/\/yoast.com\/wordpress\/plugins\/seo\/ -->\n<title>Flower vase 028 - L&#039;amour Flower<\/title>\n<meta name=\"description\" content=\"Flower vase 028 - L&#039;amour Flower Chuy\u00ean Cung C\u1ea5p Hoa T\u01b0\u01a1i - \u0110\u00e0o T\u1ea1o H\u1ecdc Vi\u00ean C\u1eafm Hoa Cao C\u1ea5p\" \/>\n<meta name=\"robots\" content=\"index, follow, max-snippet:-1, max-image-preview:large, max-video-preview:-1\" \/>\n<link rel=\"canonical\" href=\"https:\/\/lamour.vn\/en\/product\/flower-vase-028\/\" \/>\n<meta property=\"og:locale\" content=\"en_US\" \/>\n<meta property=\"og:type\" content=\"article\" \/>\n<meta property=\"og:title\" content=\"Flower vase 028 - L&#039;amour Flower\" \/>\n<meta property=\"og:description\" content=\"Flower vase 028 - L&#039;amour Flower Chuy\u00ean Cung C\u1ea5p Hoa T\u01b0\u01a1i - \u0110\u00e0o T\u1ea1o H\u1ecdc Vi\u00ean C\u1eafm Hoa Cao C\u1ea5p\" \/>\n<meta property=\"og:url\" content=\"https:\/\/lamour.vn\/en\/product\/flower-vase-028\/\" \/>\n<meta property=\"og:site_name\" content=\"L&#039;amour Flower\" \/>\n<meta property=\"article:modified_time\" content=\"2025-06-04T03:17:01+00:00\" \/>\n<meta property=\"og:image\" content=\"https:\/\/lamour.vn\/wp-content\/uploads\/2024\/07\/binh-hoa-029.jpg\" \/>\n\t<meta property=\"og:image:width\" content=\"1000\" \/>\n\t<meta property=\"og:image:height\" content=\"1250\" \/>\n<meta name=\"twitter:card\" content=\"summary_large_image\" \/>\n<meta name=\"twitter:label1\" content=\"Est. reading time\">\n\t<meta name=\"twitter:data1\" content=\"1 minute\">\n<script type=\"application\/ld+json\" class=\"yoast-schema-graph\">{\"@context\":\"https:\/\/schema.org\",\"@graph\":[{\"@type\":\"Organization\",\"@id\":\"https:\/\/lamour.vn\/#organization\",\"name\":\"L'amour Flower\",\"url\":\"https:\/\/lamour.vn\/\",\"sameAs\":[],\"logo\":{\"@type\":\"ImageObject\",\"@id\":\"https:\/\/lamour.vn\/#logo\",\"inLanguage\":\"en-US\",\"url\":\"https:\/\/lamour.vn\/wp-content\/uploads\/2020\/12\/logo-tr\\u00f2n-c\\u1eaft-n\\u1ec1n.png\",\"width\":770,\"height\":768,\"caption\":\"L'amour Flower\"},\"image\":{\"@id\":\"https:\/\/lamour.vn\/#logo\"}},{\"@type\":\"WebSite\",\"@id\":\"https:\/\/lamour.vn\/#website\",\"url\":\"https:\/\/lamour.vn\/\",\"name\":\"L&#039;amour Flower\",\"description\":\"Chuy\\u00ean Cung C\\u1ea5p Hoa T\\u01b0\\u01a1i - \\u0110\\u00e0o T\\u1ea1o H\\u1ecdc Vi\\u00ean C\\u1eafm Hoa Cao C\\u1ea5p\",\"publisher\":{\"@id\":\"https:\/\/lamour.vn\/#organization\"},\"potentialAction\":[{\"@type\":\"SearchAction\",\"target\":\"https:\/\/lamour.vn\/?s={search_term_string}\",\"query-input\":\"required name=search_term_string\"}],\"inLanguage\":\"en-US\"},{\"@type\":\"ImageObject\",\"@id\":\"https:\/\/lamour.vn\/en\/product\/flower-vase-028\/#primaryimage\",\"inLanguage\":\"en-US\",\"url\":\"https:\/\/lamour.vn\/wp-content\/uploads\/2024\/07\/binh-hoa-029.jpg\",\"width\":1000,\"height\":1250},{\"@type\":\"WebPage\",\"@id\":\"https:\/\/lamour.vn\/en\/product\/flower-vase-028\/#webpage\",\"url\":\"https:\/\/lamour.vn\/en\/product\/flower-vase-028\/\",\"name\":\"Flower vase 028 - L&#039;amour Flower\",\"isPartOf\":{\"@id\":\"https:\/\/lamour.vn\/#website\"},\"primaryImageOfPage\":{\"@id\":\"https:\/\/lamour.vn\/en\/product\/flower-vase-028\/#primaryimage\"},\"datePublished\":\"2024-07-30T10:03:05+00:00\",\"dateModified\":\"2025-06-04T03:17:01+00:00\",\"description\":\"Flower vase 028 - L&#039;amour Flower Chuy\\u00ean Cung C\\u1ea5p Hoa T\\u01b0\\u01a1i - \\u0110\\u00e0o T\\u1ea1o H\\u1ecdc Vi\\u00ean C\\u1eafm Hoa Cao C\\u1ea5p\",\"inLanguage\":\"en-US\",\"potentialAction\":[{\"@type\":\"ReadAction\",\"target\":[\"https:\/\/lamour.vn\/en\/product\/flower-vase-028\/\"]}]}]}<\/script>\n<!-- \/ Yoast SEO Premium plugin. -->","_links":{"self":[{"href":"https:\/\/lamour.vn\/en\/wp-json\/wp\/v2\/product\/12931\/"}],"collection":[{"href":"https:\/\/lamour.vn\/en\/wp-json\/wp\/v2\/product\/"}],"about":[{"href":"https:\/\/lamour.vn\/en\/wp-json\/wp\/v2\/types\/product\/"}],"replies":[{"embeddable":true,"href":"https:\/\/lamour.vn\/en\/wp-json\/wp\/v2\/comments\/?post=12931"}],"wp:featuredmedia":[{"embeddable":true,"href":"https:\/\/lamour.vn\/en\/wp-json\/wp\/v2\/media\/12220\/"}],"wp:attachment":[{"href":"https:\/\/lamour.vn\/en\/wp-json\/wp\/v2\/media\/?parent=12931"}],"wp:term":[{"taxonomy":"product_cat","embeddable":true,"href":"https:\/\/lamour.vn\/en\/wp-json\/wp\/v2\/product_cat\/?post=12931"},{"taxonomy":"product_tag","embeddable":true,"href":"https:\/\/lamour.vn\/en\/wp-json\/wp\/v2\/product_tag\/?post=12931"}],"curies":[{"name":"wp","href":"https:\/\/api.w.org\/{rel}","templated":true}]}}